{"id":29,"date":"2024-10-01T12:04:14","date_gmt":"2024-10-01T15:04:14","guid":{"rendered":"https:\/\/2sa.com.br\/achadinhosdakaka\/?post_type=product&#038;p=29"},"modified":"2024-10-02T17:59:00","modified_gmt":"2024-10-02T20:59:00","slug":"coibeu-lixeira-com-sensor-automatico-inteligente-recarregavel-abre-facil-em-toque-cesto-lixo-casa-quarto-banheiro-cozinha-escritorio","status":"publish","type":"product","link":"https:\/\/2sa.com.br\/achadinhosdakaka\/product\/coibeu-lixeira-com-sensor-automatico-inteligente-recarregavel-abre-facil-em-toque-cesto-lixo-casa-quarto-banheiro-cozinha-escritorio\/","title":{"rendered":"COIBEU Lixeira com Sensor Autom\u00e1tico Inteligente Recarreg\u00e1vel Abre F\u00e1cil em Toque Cesto Lixo Casa Quarto Banheiro Cozinha Escrit\u00f3rio"},"content":{"rendered":"","protected":false},"excerpt":{"rendered":"","protected":false},"featured_media":30,"comment_status":"open","ping_status":"closed","template":"","meta":{"_kadence_starter_templates_imported_post":false,"_kad_post_transparent":"default","_kad_post_title":"","_kad_post_layout":"default","_kad_post_sidebar_id":"","_kad_post_content_style":"default","_kad_post_vertical_padding":"default","_kad_post_feature":"","_kad_post_feature_position":"","_kad_post_header":false,"_kad_post_footer":false},"product_cat":[17],"product_tag":[],"class_list":{"0":"post-29","1":"product","2":"type-product","3":"status-publish","4":"has-post-thumbnail","6":"product_cat-shopee","8":"first","9":"instock","10":"shipping-taxable","11":"purchasable","12":"product-type-simple","13":"entry","14":"content-bg","15":"loop-entry"},"_links":{"self":[{"href":"https:\/\/2sa.com.br\/achadinhosdakaka\/wp-json\/wp\/v2\/product\/29"}],"collection":[{"href":"https:\/\/2sa.com.br\/achadinhosdakaka\/wp-json\/wp\/v2\/product"}],"about":[{"href":"https:\/\/2sa.com.br\/achadinhosdakaka\/wp-json\/wp\/v2\/types\/product"}],"replies":[{"embeddable":true,"href":"https:\/\/2sa.com.br\/achadinhosdakaka\/wp-json\/wp\/v2\/comments?post=29"}],"wp:featuredmedia":[{"embeddable":true,"href":"https:\/\/2sa.com.br\/achadinhosdakaka\/wp-json\/wp\/v2\/media\/30"}],"wp:attachment":[{"href":"https:\/\/2sa.com.br\/achadinhosdakaka\/wp-json\/wp\/v2\/media?parent=29"}],"wp:term":[{"taxonomy":"product_cat","embeddable":true,"href":"https:\/\/2sa.com.br\/achadinhosdakaka\/wp-json\/wp\/v2\/product_cat?post=29"},{"taxonomy":"product_tag","embeddable":true,"href":"https:\/\/2sa.com.br\/achadinhosdakaka\/wp-json\/wp\/v2\/product_tag?post=29"}],"curies":[{"name":"wp","href":"https:\/\/api.w.org\/{rel}","templated":true}]}}