{"id":13,"date":"2024-09-29T03:20:45","date_gmt":"2024-09-29T03:20:45","guid":{"rendered":"https:\/\/2sa.com.br\/achadinhosdakaka\/?post_type=product&#038;p=13"},"modified":"2024-09-29T03:22:39","modified_gmt":"2024-09-29T03:22:39","slug":"camera-seguranca-wifi-ip-sem-fio-360-com-encaixe-lampada-bocal-aplicativo-full-hd-visao-noturna-bivolt","status":"publish","type":"product","link":"https:\/\/2sa.com.br\/achadinhosdakaka\/product\/camera-seguranca-wifi-ip-sem-fio-360-com-encaixe-lampada-bocal-aplicativo-full-hd-visao-noturna-bivolt\/","title":{"rendered":"C\u00e2mera Seguran\u00e7a Wifi Ip Sem Fio 360 Com Encaixe L\u00e2mpada Bocal Aplicativo Full HD Vis\u00e3o Noturna &#8211; Bivolt"},"content":{"rendered":"","protected":false},"excerpt":{"rendered":"","protected":false},"featured_media":14,"comment_status":"open","ping_status":"closed","template":"","meta":{"_kadence_starter_templates_imported_post":false,"_kad_post_transparent":"","_kad_post_title":"","_kad_post_layout":"","_kad_post_sidebar_id":"","_kad_post_content_style":"","_kad_post_vertical_padding":"","_kad_post_feature":"","_kad_post_feature_position":"","_kad_post_header":false,"_kad_post_footer":false},"product_cat":[17],"product_tag":[],"class_list":{"0":"post-13","1":"product","2":"type-product","3":"status-publish","4":"has-post-thumbnail","6":"product_cat-shopee","8":"first","9":"instock","10":"sale","11":"shipping-taxable","12":"product-type-external","13":"entry","14":"content-bg","15":"loop-entry"},"_links":{"self":[{"href":"https:\/\/2sa.com.br\/achadinhosdakaka\/wp-json\/wp\/v2\/product\/13"}],"collection":[{"href":"https:\/\/2sa.com.br\/achadinhosdakaka\/wp-json\/wp\/v2\/product"}],"about":[{"href":"https:\/\/2sa.com.br\/achadinhosdakaka\/wp-json\/wp\/v2\/types\/product"}],"replies":[{"embeddable":true,"href":"https:\/\/2sa.com.br\/achadinhosdakaka\/wp-json\/wp\/v2\/comments?post=13"}],"wp:featuredmedia":[{"embeddable":true,"href":"https:\/\/2sa.com.br\/achadinhosdakaka\/wp-json\/wp\/v2\/media\/14"}],"wp:attachment":[{"href":"https:\/\/2sa.com.br\/achadinhosdakaka\/wp-json\/wp\/v2\/media?parent=13"}],"wp:term":[{"taxonomy":"product_cat","embeddable":true,"href":"https:\/\/2sa.com.br\/achadinhosdakaka\/wp-json\/wp\/v2\/product_cat?post=13"},{"taxonomy":"product_tag","embeddable":true,"href":"https:\/\/2sa.com.br\/achadinhosdakaka\/wp-json\/wp\/v2\/product_tag?post=13"}],"curies":[{"name":"wp","href":"https:\/\/api.w.org\/{rel}","templated":true}]}}