{"id":7,"date":"2024-09-29T02:52:31","date_gmt":"2024-09-29T02:52:31","guid":{"rendered":"https:\/\/2sa.com.br\/achadinhosdakaka\/index.php\/cart\/"},"modified":"2024-09-29T02:52:31","modified_gmt":"2024-09-29T02:52:31","slug":"cart","status":"publish","type":"page","link":"https:\/\/2sa.com.br\/achadinhosdakaka\/cart\/","title":{"rendered":"Cart"},"content":{"rendered":"<div data-block-name=\"woocommerce\/cart\" class=\"wp-block-woocommerce-cart alignwide is-loading\"><div data-block-name=\"woocommerce\/filled-cart-block\" class=\"wp-block-woocommerce-filled-cart-block\"><div data-block-name=\"woocommerce\/cart-items-block\" class=\"wp-block-woocommerce-cart-items-block\"><div data-block-name=\"woocommerce\/cart-line-items-block\" class=\"wp-block-woocommerce-cart-line-items-block\"><\/div>\n\n<div data-block-name=\"woocommerce\/cart-cross-sells-block\" class=\"wp-block-woocommerce-cart-cross-sells-block\"><h2 class=\"wp-block-heading has-large-font-size\">You may be interested in\u2026<\/h2>\n\n<div data-block-name=\"woocommerce\/cart-cross-sells-products-block\" class=\"wp-block-woocommerce-cart-cross-sells-products-block\"><\/div><\/div><\/div>\n\n<div data-block-name=\"woocommerce\/cart-totals-block\" class=\"wp-block-woocommerce-cart-totals-block\"><div data-block-name=\"woocommerce\/cart-order-summary-block\" class=\"wp-block-woocommerce-cart-order-summary-block\"><div data-block-name=\"woocommerce\/cart-order-summary-heading-block\" class=\"wp-block-woocommerce-cart-order-summary-heading-block\"><\/div><div data-block-name=\"woocommerce\/cart-order-summary-coupon-form-block\" class=\"wp-block-woocommerce-cart-order-summary-coupon-form-block\"><\/div><div data-block-name=\"woocommerce\/cart-order-summary-totals-block\" class=\"wp-block-woocommerce-cart-order-summary-totals-block\">\n<div data-block-name=\"woocommerce\/cart-order-summary-subtotal-block\" class=\"wp-block-woocommerce-cart-order-summary-subtotal-block\"><\/div>\n<div data-block-name=\"woocommerce\/cart-order-summary-discount-block\" class=\"wp-block-woocommerce-cart-order-summary-discount-block\"><\/div>\n<div data-block-name=\"woocommerce\/cart-order-summary-fee-block\" class=\"wp-block-woocommerce-cart-order-summary-fee-block\"><\/div>\n<div data-block-name=\"woocommerce\/cart-order-summary-shipping-block\" class=\"wp-block-woocommerce-cart-order-summary-shipping-block\"><\/div>\n<div data-block-name=\"woocommerce\/cart-order-summary-taxes-block\" class=\"wp-block-woocommerce-cart-order-summary-taxes-block\"><\/div><\/div><\/div>\n\n<div data-block-name=\"woocommerce\/cart-express-payment-block\" class=\"wp-block-woocommerce-cart-express-payment-block\"><\/div>\n\n<div data-block-name=\"woocommerce\/proceed-to-checkout-block\" class=\"wp-block-woocommerce-proceed-to-checkout-block\"><\/div>\n\n<div data-block-name=\"woocommerce\/cart-accepted-payment-methods-block\" class=\"wp-block-woocommerce-cart-accepted-payment-methods-block\"><\/div><\/div><\/div>\n\n<div data-block-name=\"woocommerce\/empty-cart-block\" class=\"wp-block-woocommerce-empty-cart-block\"><h2 class=\"wp-block-heading has-text-align-center with-empty-cart-icon wc-block-cart__empty-cart__title\">Your cart is currently empty!<\/h2>\n\n<hr class=\"wp-block-separator has-alpha-channel-opacity is-style-dots\"\/>\n\n<h2 class=\"wp-block-heading has-text-align-center\">New in store<\/h2>\n\n<div data-block-name=\"woocommerce\/product-new\" data-columns=\"4\" data-rows=\"1\" class=\"wc-block-grid wp-block-product-new wc-block-product-new has-4-columns\"><ul class=\"wc-block-grid__products\"><li class=\"wc-block-grid__product entry loop-entry content-bg woo-archive-action-on-hover woo-archive-btn-text product-loop-boxed woo-archive-image-hover-none\"><a href=\"https:\/\/2sa.com.br\/achadinhosdakaka\/product\/porta-paes-mundiart-em-bambu-40x27x17cm\/\" class=\"wc-block-grid__product-link woocommerce-loop-image-link woocommerce-LoopProduct-link woocommerce-loop-product__link\">\n\t\t\t\t\t<img loading=\"lazy\" decoding=\"async\" width=\"300\" height=\"300\" src=\"https:\/\/2sa.com.br\/achadinhosdakaka\/wp-content\/uploads\/2024\/10\/sg-11134201-7rblk-loh74317nki216-300x300.webp\" class=\"attachment-woocommerce_thumbnail size-woocommerce_thumbnail\" alt=\"\" srcset=\"https:\/\/2sa.com.br\/achadinhosdakaka\/wp-content\/uploads\/2024\/10\/sg-11134201-7rblk-loh74317nki216-300x300.webp 300w, https:\/\/2sa.com.br\/achadinhosdakaka\/wp-content\/uploads\/2024\/10\/sg-11134201-7rblk-loh74317nki216-150x150.webp 150w, https:\/\/2sa.com.br\/achadinhosdakaka\/wp-content\/uploads\/2024\/10\/sg-11134201-7rblk-loh74317nki216-768x768.webp 768w, https:\/\/2sa.com.br\/achadinhosdakaka\/wp-content\/uploads\/2024\/10\/sg-11134201-7rblk-loh74317nki216-600x600.webp 600w, https:\/\/2sa.com.br\/achadinhosdakaka\/wp-content\/uploads\/2024\/10\/sg-11134201-7rblk-loh74317nki216-100x100.webp 100w, https:\/\/2sa.com.br\/achadinhosdakaka\/wp-content\/uploads\/2024\/10\/sg-11134201-7rblk-loh74317nki216.webp 1024w\" sizes=\"(max-width: 300px) 100vw, 300px\" \/>\n\t\t\t\t\t\n\t\t\t\t<\/a><div class=\"wc-block-grid__product-onsale\">\n\t\t\t<span aria-hidden=\"true\">Oferta<\/span>\n\t\t\t<span class=\"screen-reader-text\">Produto em promo\u00e7\u00e3o<\/span>\n\t\t<\/div>\n\t\t\t\t<div class=\"product-details content-bg entry-content-wrap\">\n\t\t\t\t\t<a href=\"https:\/\/2sa.com.br\/achadinhosdakaka\/product\/porta-paes-mundiart-em-bambu-40x27x17cm\/\" class=\"wc-block-grid__product-title-link\">\n\t\t\t\t\t\t<div class=\"wc-block-grid__product-title\">Porta-P\u00e3es Mundiart em Bambu 40x27x17cm<\/div>\n\t\t\t\t\t<\/a>\n\t\t\t\t\t\n\t\t\t\t\t<div class=\"wc-block-grid__product-price price\"><del aria-hidden=\"true\"><span class=\"woocommerce-Price-amount amount\"><span class=\"woocommerce-Price-currencySymbol\">&#082;&#036;<\/span>&nbsp;199,98<\/span><\/del> <span class=\"screen-reader-text\">Original price was: &#082;&#036;&nbsp;199,98.<\/span><ins aria-hidden=\"true\"><span class=\"woocommerce-Price-amount amount\"><span class=\"woocommerce-Price-currencySymbol\">&#082;&#036;<\/span>&nbsp;189,90<\/span><\/ins><span class=\"screen-reader-text\">Current price is: &#082;&#036;&nbsp;189,90.<\/span><\/div>\n\t\t\t\t\t<div class=\"wp-block-button wc-block-grid__product-add-to-cart\"><a href=\"https:\/\/s.shopee.com.br\/3VRuibDYpy\" aria-label=\"Comprar &ldquo;Porta-P\u00e3es Mundiart em Bambu 40x27x17cm&rdquo;\" data-quantity=\"1\" data-product_id=\"33\" data-product_sku=\"\" rel=\"nofollow\" class=\"wp-block-button__link add_to_cart_button\">Comprar produto<span class=\"kadence-svg-iconset svg-baseline\"><svg aria-hidden=\"true\" class=\"kadence-svg-icon kadence-arrow-right-alt-svg\" fill=\"currentColor\" version=\"1.1\" xmlns=\"http:\/\/www.w3.org\/2000\/svg\" width=\"27\" height=\"28\" viewBox=\"0 0 27 28\"><title>Continuar<\/title><path d=\"M27 13.953c0 0.141-0.063 0.281-0.156 0.375l-6 5.531c-0.156 0.141-0.359 0.172-0.547 0.094-0.172-0.078-0.297-0.25-0.297-0.453v-3.5h-19.5c-0.281 0-0.5-0.219-0.5-0.5v-3c0-0.281 0.219-0.5 0.5-0.5h19.5v-3.5c0-0.203 0.109-0.375 0.297-0.453s0.391-0.047 0.547 0.078l6 5.469c0.094 0.094 0.156 0.219 0.156 0.359v0z\"><\/path>\n\t\t\t\t<\/svg><\/span><span class=\"kadence-svg-iconset svg-baseline\"><svg class=\"kadence-svg-icon kadence-spinner-svg\" fill=\"currentColor\" version=\"1.1\" xmlns=\"http:\/\/www.w3.org\/2000\/svg\" width=\"16\" height=\"16\" viewBox=\"0 0 16 16\"><title>Carregando<\/title><path d=\"M16 6h-6l2.243-2.243c-1.133-1.133-2.64-1.757-4.243-1.757s-3.109 0.624-4.243 1.757c-1.133 1.133-1.757 2.64-1.757 4.243s0.624 3.109 1.757 4.243c1.133 1.133 2.64 1.757 4.243 1.757s3.109-0.624 4.243-1.757c0.095-0.095 0.185-0.192 0.273-0.292l1.505 1.317c-1.466 1.674-3.62 2.732-6.020 2.732-4.418 0-8-3.582-8-8s3.582-8 8-8c2.209 0 4.209 0.896 5.656 2.344l2.343-2.344v6z\"><\/path>\n\t\t\t\t<\/svg><\/span><span class=\"kadence-svg-iconset svg-baseline\"><svg class=\"kadence-svg-icon kadence-check-svg\" fill=\"currentColor\" version=\"1.1\" xmlns=\"http:\/\/www.w3.org\/2000\/svg\" width=\"16\" height=\"16\" viewBox=\"0 0 16 16\"><title>Conclu\u00eddo<\/title><path d=\"M14 2.5l-8.5 8.5-3.5-3.5-1.5 1.5 5 5 10-10z\"><\/path>\n\t\t\t\t<\/svg><\/span><\/a><\/div>\n\t\t\t\t<\/div>\n\t\t\t<\/li><li class=\"wc-block-grid__product entry loop-entry content-bg woo-archive-action-on-hover woo-archive-btn-text product-loop-boxed woo-archive-image-hover-none\"><a href=\"https:\/\/2sa.com.br\/achadinhosdakaka\/product\/espremedor-de-limao-lyor-bird-de-acrilico-manual-12cm\/\" class=\"wc-block-grid__product-link woocommerce-loop-image-link woocommerce-LoopProduct-link woocommerce-loop-product__link\">\n\t\t\t\t\t<img loading=\"lazy\" decoding=\"async\" width=\"300\" height=\"300\" src=\"https:\/\/2sa.com.br\/achadinhosdakaka\/wp-content\/uploads\/2024\/10\/sg-11134201-7rcet-lrssnkaurq0wa6-300x300.webp\" class=\"attachment-woocommerce_thumbnail size-woocommerce_thumbnail\" alt=\"\" srcset=\"https:\/\/2sa.com.br\/achadinhosdakaka\/wp-content\/uploads\/2024\/10\/sg-11134201-7rcet-lrssnkaurq0wa6-300x300.webp 300w, https:\/\/2sa.com.br\/achadinhosdakaka\/wp-content\/uploads\/2024\/10\/sg-11134201-7rcet-lrssnkaurq0wa6-150x150.webp 150w, https:\/\/2sa.com.br\/achadinhosdakaka\/wp-content\/uploads\/2024\/10\/sg-11134201-7rcet-lrssnkaurq0wa6-768x768.webp 768w, https:\/\/2sa.com.br\/achadinhosdakaka\/wp-content\/uploads\/2024\/10\/sg-11134201-7rcet-lrssnkaurq0wa6-600x600.webp 600w, https:\/\/2sa.com.br\/achadinhosdakaka\/wp-content\/uploads\/2024\/10\/sg-11134201-7rcet-lrssnkaurq0wa6-100x100.webp 100w, https:\/\/2sa.com.br\/achadinhosdakaka\/wp-content\/uploads\/2024\/10\/sg-11134201-7rcet-lrssnkaurq0wa6.webp 1000w\" sizes=\"(max-width: 300px) 100vw, 300px\" \/>\n\t\t\t\t\t\n\t\t\t\t<\/a>\n\t\t\t\t<div class=\"product-details content-bg entry-content-wrap\">\n\t\t\t\t\t<a href=\"https:\/\/2sa.com.br\/achadinhosdakaka\/product\/espremedor-de-limao-lyor-bird-de-acrilico-manual-12cm\/\" class=\"wc-block-grid__product-title-link\">\n\t\t\t\t\t\t<div class=\"wc-block-grid__product-title\">Espremedor de Lim\u00e3o Lyor Bird de Acr\u00edlico Manual 12cm<\/div>\n\t\t\t\t\t<\/a>\n\t\t\t\t\t\n\t\t\t\t\t<div class=\"wc-block-grid__product-price price\"><span class=\"woocommerce-Price-amount amount\"><span class=\"woocommerce-Price-currencySymbol\">&#082;&#036;<\/span>&nbsp;24,90<\/span><\/div>\n\t\t\t\t\t<div class=\"wp-block-button wc-block-grid__product-add-to-cart\"><a href=\"?add-to-cart=31\" aria-label=\"Add to cart: &ldquo;Espremedor de Lim\u00e3o Lyor Bird de Acr\u00edlico Manual 12cm&rdquo;\" data-quantity=\"1\" data-product_id=\"31\" data-product_sku=\"\" rel=\"nofollow\" class=\"wp-block-button__link add_to_cart_button ajax_add_to_cart\">Comprar<span class=\"kadence-svg-iconset svg-baseline\"><svg aria-hidden=\"true\" class=\"kadence-svg-icon kadence-arrow-right-alt-svg\" fill=\"currentColor\" version=\"1.1\" xmlns=\"http:\/\/www.w3.org\/2000\/svg\" width=\"27\" height=\"28\" viewBox=\"0 0 27 28\"><title>Continuar<\/title><path d=\"M27 13.953c0 0.141-0.063 0.281-0.156 0.375l-6 5.531c-0.156 0.141-0.359 0.172-0.547 0.094-0.172-0.078-0.297-0.25-0.297-0.453v-3.5h-19.5c-0.281 0-0.5-0.219-0.5-0.5v-3c0-0.281 0.219-0.5 0.5-0.5h19.5v-3.5c0-0.203 0.109-0.375 0.297-0.453s0.391-0.047 0.547 0.078l6 5.469c0.094 0.094 0.156 0.219 0.156 0.359v0z\"><\/path>\n\t\t\t\t<\/svg><\/span><span class=\"kadence-svg-iconset svg-baseline\"><svg class=\"kadence-svg-icon kadence-spinner-svg\" fill=\"currentColor\" version=\"1.1\" xmlns=\"http:\/\/www.w3.org\/2000\/svg\" width=\"16\" height=\"16\" viewBox=\"0 0 16 16\"><title>Carregando<\/title><path d=\"M16 6h-6l2.243-2.243c-1.133-1.133-2.64-1.757-4.243-1.757s-3.109 0.624-4.243 1.757c-1.133 1.133-1.757 2.64-1.757 4.243s0.624 3.109 1.757 4.243c1.133 1.133 2.64 1.757 4.243 1.757s3.109-0.624 4.243-1.757c0.095-0.095 0.185-0.192 0.273-0.292l1.505 1.317c-1.466 1.674-3.62 2.732-6.020 2.732-4.418 0-8-3.582-8-8s3.582-8 8-8c2.209 0 4.209 0.896 5.656 2.344l2.343-2.344v6z\"><\/path>\n\t\t\t\t<\/svg><\/span><span class=\"kadence-svg-iconset svg-baseline\"><svg class=\"kadence-svg-icon kadence-check-svg\" fill=\"currentColor\" version=\"1.1\" xmlns=\"http:\/\/www.w3.org\/2000\/svg\" width=\"16\" height=\"16\" viewBox=\"0 0 16 16\"><title>Conclu\u00eddo<\/title><path d=\"M14 2.5l-8.5 8.5-3.5-3.5-1.5 1.5 5 5 10-10z\"><\/path>\n\t\t\t\t<\/svg><\/span><\/a><\/div>\n\t\t\t\t<\/div>\n\t\t\t<\/li><li class=\"wc-block-grid__product entry loop-entry content-bg woo-archive-action-on-hover woo-archive-btn-text product-loop-boxed woo-archive-image-hover-none\"><a href=\"https:\/\/2sa.com.br\/achadinhosdakaka\/product\/coibeu-lixeira-com-sensor-automatico-inteligente-recarregavel-abre-facil-em-toque-cesto-lixo-casa-quarto-banheiro-cozinha-escritorio\/\" class=\"wc-block-grid__product-link woocommerce-loop-image-link woocommerce-LoopProduct-link woocommerce-loop-product__link\">\n\t\t\t\t\t<img loading=\"lazy\" decoding=\"async\" width=\"300\" height=\"300\" src=\"https:\/\/2sa.com.br\/achadinhosdakaka\/wp-content\/uploads\/2024\/10\/br-11134207-7r98o-lueje951zasgec-300x300.webp\" class=\"attachment-woocommerce_thumbnail size-woocommerce_thumbnail\" alt=\"\" srcset=\"https:\/\/2sa.com.br\/achadinhosdakaka\/wp-content\/uploads\/2024\/10\/br-11134207-7r98o-lueje951zasgec-300x300.webp 300w, https:\/\/2sa.com.br\/achadinhosdakaka\/wp-content\/uploads\/2024\/10\/br-11134207-7r98o-lueje951zasgec-150x150.webp 150w, https:\/\/2sa.com.br\/achadinhosdakaka\/wp-content\/uploads\/2024\/10\/br-11134207-7r98o-lueje951zasgec-768x768.webp 768w, https:\/\/2sa.com.br\/achadinhosdakaka\/wp-content\/uploads\/2024\/10\/br-11134207-7r98o-lueje951zasgec-600x600.webp 600w, https:\/\/2sa.com.br\/achadinhosdakaka\/wp-content\/uploads\/2024\/10\/br-11134207-7r98o-lueje951zasgec-100x100.webp 100w, https:\/\/2sa.com.br\/achadinhosdakaka\/wp-content\/uploads\/2024\/10\/br-11134207-7r98o-lueje951zasgec.webp 1024w\" sizes=\"(max-width: 300px) 100vw, 300px\" \/>\n\t\t\t\t\t\n\t\t\t\t<\/a>\n\t\t\t\t<div class=\"product-details content-bg entry-content-wrap\">\n\t\t\t\t\t<a href=\"https:\/\/2sa.com.br\/achadinhosdakaka\/product\/coibeu-lixeira-com-sensor-automatico-inteligente-recarregavel-abre-facil-em-toque-cesto-lixo-casa-quarto-banheiro-cozinha-escritorio\/\" class=\"wc-block-grid__product-title-link\">\n\t\t\t\t\t\t<div class=\"wc-block-grid__product-title\">COIBEU Lixeira com Sensor Autom\u00e1tico Inteligente Recarreg\u00e1vel Abre F\u00e1cil em Toque Cesto Lixo Casa Quarto Banheiro Cozinha Escrit\u00f3rio<\/div>\n\t\t\t\t\t<\/a>\n\t\t\t\t\t\n\t\t\t\t\t<div class=\"wc-block-grid__product-price price\"><span class=\"woocommerce-Price-amount amount\"><span class=\"woocommerce-Price-currencySymbol\">&#082;&#036;<\/span>&nbsp;109,99<\/span><\/div>\n\t\t\t\t\t<div class=\"wp-block-button wc-block-grid__product-add-to-cart\"><a href=\"?add-to-cart=29\" aria-label=\"Add to cart: &ldquo;COIBEU Lixeira com Sensor Autom\u00e1tico Inteligente Recarreg\u00e1vel Abre F\u00e1cil em Toque Cesto Lixo Casa Quarto Banheiro Cozinha Escrit\u00f3rio&rdquo;\" data-quantity=\"1\" data-product_id=\"29\" data-product_sku=\"\" rel=\"nofollow\" class=\"wp-block-button__link add_to_cart_button ajax_add_to_cart\">Comprar<span class=\"kadence-svg-iconset svg-baseline\"><svg aria-hidden=\"true\" class=\"kadence-svg-icon kadence-arrow-right-alt-svg\" fill=\"currentColor\" version=\"1.1\" xmlns=\"http:\/\/www.w3.org\/2000\/svg\" width=\"27\" height=\"28\" viewBox=\"0 0 27 28\"><title>Continuar<\/title><path d=\"M27 13.953c0 0.141-0.063 0.281-0.156 0.375l-6 5.531c-0.156 0.141-0.359 0.172-0.547 0.094-0.172-0.078-0.297-0.25-0.297-0.453v-3.5h-19.5c-0.281 0-0.5-0.219-0.5-0.5v-3c0-0.281 0.219-0.5 0.5-0.5h19.5v-3.5c0-0.203 0.109-0.375 0.297-0.453s0.391-0.047 0.547 0.078l6 5.469c0.094 0.094 0.156 0.219 0.156 0.359v0z\"><\/path>\n\t\t\t\t<\/svg><\/span><span class=\"kadence-svg-iconset svg-baseline\"><svg class=\"kadence-svg-icon kadence-spinner-svg\" fill=\"currentColor\" version=\"1.1\" xmlns=\"http:\/\/www.w3.org\/2000\/svg\" width=\"16\" height=\"16\" viewBox=\"0 0 16 16\"><title>Carregando<\/title><path d=\"M16 6h-6l2.243-2.243c-1.133-1.133-2.64-1.757-4.243-1.757s-3.109 0.624-4.243 1.757c-1.133 1.133-1.757 2.64-1.757 4.243s0.624 3.109 1.757 4.243c1.133 1.133 2.64 1.757 4.243 1.757s3.109-0.624 4.243-1.757c0.095-0.095 0.185-0.192 0.273-0.292l1.505 1.317c-1.466 1.674-3.62 2.732-6.020 2.732-4.418 0-8-3.582-8-8s3.582-8 8-8c2.209 0 4.209 0.896 5.656 2.344l2.343-2.344v6z\"><\/path>\n\t\t\t\t<\/svg><\/span><span class=\"kadence-svg-iconset svg-baseline\"><svg class=\"kadence-svg-icon kadence-check-svg\" fill=\"currentColor\" version=\"1.1\" xmlns=\"http:\/\/www.w3.org\/2000\/svg\" width=\"16\" height=\"16\" viewBox=\"0 0 16 16\"><title>Conclu\u00eddo<\/title><path d=\"M14 2.5l-8.5 8.5-3.5-3.5-1.5 1.5 5 5 10-10z\"><\/path>\n\t\t\t\t<\/svg><\/span><\/a><\/div>\n\t\t\t\t<\/div>\n\t\t\t<\/li><li class=\"wc-block-grid__product entry loop-entry content-bg woo-archive-action-on-hover woo-archive-btn-text product-loop-boxed woo-archive-image-hover-none\"><a href=\"https:\/\/2sa.com.br\/achadinhosdakaka\/product\/modus-talheres-de-aco-inox-24-pecas-cor-dourada-garfo-e-colher-e-faca\/\" class=\"wc-block-grid__product-link woocommerce-loop-image-link woocommerce-LoopProduct-link woocommerce-loop-product__link\">\n\t\t\t\t\t<img loading=\"lazy\" decoding=\"async\" width=\"300\" height=\"300\" src=\"https:\/\/2sa.com.br\/achadinhosdakaka\/wp-content\/uploads\/2024\/10\/br-11134207-7r98o-lpewbvghit2q74-300x300.webp\" class=\"attachment-woocommerce_thumbnail size-woocommerce_thumbnail\" alt=\"\" srcset=\"https:\/\/2sa.com.br\/achadinhosdakaka\/wp-content\/uploads\/2024\/10\/br-11134207-7r98o-lpewbvghit2q74-300x300.webp 300w, https:\/\/2sa.com.br\/achadinhosdakaka\/wp-content\/uploads\/2024\/10\/br-11134207-7r98o-lpewbvghit2q74-150x150.webp 150w, https:\/\/2sa.com.br\/achadinhosdakaka\/wp-content\/uploads\/2024\/10\/br-11134207-7r98o-lpewbvghit2q74-768x768.webp 768w, https:\/\/2sa.com.br\/achadinhosdakaka\/wp-content\/uploads\/2024\/10\/br-11134207-7r98o-lpewbvghit2q74-600x600.webp 600w, https:\/\/2sa.com.br\/achadinhosdakaka\/wp-content\/uploads\/2024\/10\/br-11134207-7r98o-lpewbvghit2q74-100x100.webp 100w, https:\/\/2sa.com.br\/achadinhosdakaka\/wp-content\/uploads\/2024\/10\/br-11134207-7r98o-lpewbvghit2q74.webp 1000w\" sizes=\"(max-width: 300px) 100vw, 300px\" \/>\n\t\t\t\t\t\n\t\t\t\t<\/a>\n\t\t\t\t<div class=\"product-details content-bg entry-content-wrap\">\n\t\t\t\t\t<a href=\"https:\/\/2sa.com.br\/achadinhosdakaka\/product\/modus-talheres-de-aco-inox-24-pecas-cor-dourada-garfo-e-colher-e-faca\/\" class=\"wc-block-grid__product-title-link\">\n\t\t\t\t\t\t<div class=\"wc-block-grid__product-title\">MODUS Talheres de A\u00e7o Inox 24 Pe\u00e7as Cor Dourada , Garfo e Colher e Faca<\/div>\n\t\t\t\t\t<\/a>\n\t\t\t\t\t\n\t\t\t\t\t<div class=\"wc-block-grid__product-price price\"><span class=\"woocommerce-Price-amount amount\"><span class=\"woocommerce-Price-currencySymbol\">&#082;&#036;<\/span>&nbsp;78,99<\/span><\/div>\n\t\t\t\t\t<div class=\"wp-block-button wc-block-grid__product-add-to-cart\"><a href=\"?add-to-cart=27\" aria-label=\"Add to cart: &ldquo;MODUS Talheres de A\u00e7o Inox 24 Pe\u00e7as Cor Dourada , Garfo e Colher e Faca&rdquo;\" data-quantity=\"1\" data-product_id=\"27\" data-product_sku=\"\" rel=\"nofollow\" class=\"wp-block-button__link add_to_cart_button ajax_add_to_cart\">Comprar<span class=\"kadence-svg-iconset svg-baseline\"><svg aria-hidden=\"true\" class=\"kadence-svg-icon kadence-arrow-right-alt-svg\" fill=\"currentColor\" version=\"1.1\" xmlns=\"http:\/\/www.w3.org\/2000\/svg\" width=\"27\" height=\"28\" viewBox=\"0 0 27 28\"><title>Continuar<\/title><path d=\"M27 13.953c0 0.141-0.063 0.281-0.156 0.375l-6 5.531c-0.156 0.141-0.359 0.172-0.547 0.094-0.172-0.078-0.297-0.25-0.297-0.453v-3.5h-19.5c-0.281 0-0.5-0.219-0.5-0.5v-3c0-0.281 0.219-0.5 0.5-0.5h19.5v-3.5c0-0.203 0.109-0.375 0.297-0.453s0.391-0.047 0.547 0.078l6 5.469c0.094 0.094 0.156 0.219 0.156 0.359v0z\"><\/path>\n\t\t\t\t<\/svg><\/span><span class=\"kadence-svg-iconset svg-baseline\"><svg class=\"kadence-svg-icon kadence-spinner-svg\" fill=\"currentColor\" version=\"1.1\" xmlns=\"http:\/\/www.w3.org\/2000\/svg\" width=\"16\" height=\"16\" viewBox=\"0 0 16 16\"><title>Carregando<\/title><path d=\"M16 6h-6l2.243-2.243c-1.133-1.133-2.64-1.757-4.243-1.757s-3.109 0.624-4.243 1.757c-1.133 1.133-1.757 2.64-1.757 4.243s0.624 3.109 1.757 4.243c1.133 1.133 2.64 1.757 4.243 1.757s3.109-0.624 4.243-1.757c0.095-0.095 0.185-0.192 0.273-0.292l1.505 1.317c-1.466 1.674-3.62 2.732-6.020 2.732-4.418 0-8-3.582-8-8s3.582-8 8-8c2.209 0 4.209 0.896 5.656 2.344l2.343-2.344v6z\"><\/path>\n\t\t\t\t<\/svg><\/span><span class=\"kadence-svg-iconset svg-baseline\"><svg class=\"kadence-svg-icon kadence-check-svg\" fill=\"currentColor\" version=\"1.1\" xmlns=\"http:\/\/www.w3.org\/2000\/svg\" width=\"16\" height=\"16\" viewBox=\"0 0 16 16\"><title>Conclu\u00eddo<\/title><path d=\"M14 2.5l-8.5 8.5-3.5-3.5-1.5 1.5 5 5 10-10z\"><\/path>\n\t\t\t\t<\/svg><\/span><\/a><\/div>\n\t\t\t\t<\/div>\n\t\t\t<\/li><\/ul><\/div><\/div><\/div>","protected":false},"excerpt":{"rendered":"","protected":false},"author":1,"featured_media":0,"parent":0,"menu_order":0,"comment_status":"closed","ping_status":"closed","template":"","meta":{"_kadence_starter_templates_imported_post":false,"_kad_post_transparent":"","_kad_post_title":"","_kad_post_layout":"","_kad_post_sidebar_id":"","_kad_post_content_style":"","_kad_post_vertical_padding":"","_kad_post_feature":"","_kad_post_feature_position":"","_kad_post_header":false,"_kad_post_footer":false,"footnotes":""},"class_list":["post-7","page","type-page","status-publish","hentry"],"_links":{"self":[{"href":"https:\/\/2sa.com.br\/achadinhosdakaka\/wp-json\/wp\/v2\/pages\/7"}],"collection":[{"href":"https:\/\/2sa.com.br\/achadinhosdakaka\/wp-json\/wp\/v2\/pages"}],"about":[{"href":"https:\/\/2sa.com.br\/achadinhosdakaka\/wp-json\/wp\/v2\/types\/page"}],"author":[{"embeddable":true,"href":"https:\/\/2sa.com.br\/achadinhosdakaka\/wp-json\/wp\/v2\/users\/1"}],"replies":[{"embeddable":true,"href":"https:\/\/2sa.com.br\/achadinhosdakaka\/wp-json\/wp\/v2\/comments?post=7"}],"version-history":[{"count":0,"href":"https:\/\/2sa.com.br\/achadinhosdakaka\/wp-json\/wp\/v2\/pages\/7\/revisions"}],"wp:attachment":[{"href":"https:\/\/2sa.com.br\/achadinhosdakaka\/wp-json\/wp\/v2\/media?parent=7"}],"curies":[{"name":"wp","href":"https:\/\/api.w.org\/{rel}","templated":true}]}}